{"id":2064,"date":"2022-03-03T10:08:50","date_gmt":"2022-03-03T09:08:50","guid":{"rendered":"https:\/\/dolomitesronda.com\/informativa-sulla-privacy\/"},"modified":"2022-03-03T10:08:50","modified_gmt":"2022-03-03T09:08:50","slug":"informativa-sulla-privacy","status":"publish","type":"page","link":"https:\/\/dolomitesronda.com\/it\/informativa-sulla-privacy\/","title":{"rendered":"Informativa sulla privacy"},"content":{"rendered":"<div class=\"flex-shrink-0 flex flex-col relative items-end\">\n<div>\n<div class=\"pt-0.5\">\n<div class=\"gizmo-shadow-stroke flex h-6 w-6 items-center justify-center overflow-hidden rounded-full\"><span style=\"color: #333333; font-size: 26px;\">Cookies<\/span><\/div>\n<\/div>\n<\/div>\n<\/div>\n<div class=\"relative flex w-full flex-col lg:w-[calc(100%-115px)] agent-turn\">\n<div class=\"flex-col gap-1 md:gap-3\">\n<div class=\"flex flex-grow flex-col max-w-full\">\n<div class=\"text-message flex flex-col items-start gap-3 whitespace-pre-wrap break-words [.text-message+&amp;]:mt-5 overflow-x-auto\" data-message-author-role=\"assistant\" data-message-id=\"ddfe7a45-d42c-4568-95a4-02d222c6b406\">\n<div class=\"markdown prose w-full break-words dark:prose-invert light\">\n<p>Quando gli utenti accedono all&#8217;offerta, uno o pi\u00f9 cookie vengono salvati sul loro computer. Un cookie \u00e8 un piccolo file che contiene una specifica sequenza di caratteri e identifica in modo univoco il browser. I cookie aiutano il fornitore a migliorare il comfort e la qualit\u00e0 del suo servizio, ad esempio salvando le impostazioni degli utenti. I cookie non danneggiano il computer dell&#8217;utente e non contengono virus. L&#8217;offerta pu\u00f2 essere utilizzata anche senza cookie. Gli utenti possono disattivare il salvataggio dei cookie nel loro browser, limitarlo a determinati siti web o impostare il browser in modo che li notifichi prima che un cookie venga salvato. \u00c8 possibile eliminare i cookie in qualsiasi momento utilizzando le funzioni di protezione della privacy del browser. In questo caso, le funzioni e la facilit\u00e0 d&#8217;uso dell&#8217;offerta potrebbero essere limitate.<\/p>\n<h2>Google Analytics<\/h2>\n<p>Questa offerta utilizza Google Analytics, un servizio di analisi web di Google Inc. (&#8220;Google&#8221;). Google Analytics utilizza i cosiddetti &#8220;cookie&#8221;, file di testo salvati sul computer degli utenti che permettono di analizzare l&#8217;utilizzo del sito web. Le informazioni generate dal cookie sull&#8217;utilizzo di questo sito web da parte degli utenti vengono generalmente trasferite a un server di Google negli Stati Uniti e ivi memorizzate. Nel caso in cui l&#8217;anonimizzazione IP sia attivata su questo sito web, l&#8217;indirizzo IP degli utenti di Google sar\u00e0 abbreviato all&#8217;interno degli Stati membri dell&#8217;Unione Europea o in altri stati che fanno parte dell&#8217;Accordo sullo Spazio Economico Europeo. Solo in casi eccezionali, l&#8217;intero indirizzo IP verr\u00e0 trasferito a un server di Google negli Stati Uniti e l\u00ec abbreviato. L&#8217;anonimizzazione IP \u00e8 attiva su questo sito web. Per conto dell&#8217;operatore di questo sito web, Google utilizzer\u00e0 queste informazioni per valutare l&#8217;utilizzo del sito web da parte degli utenti, per compilare report sulle attivit\u00e0 del sito web e per fornire altri servizi relativi all&#8217;utilizzo del sito web e di Internet al gestore del sito. L&#8217;indirizzo IP trasmesso dal browser dell&#8217;utente nell&#8217;ambito di Google Analytics non sar\u00e0 combinato con altri dati di Google. Gli utenti possono impedire il salvataggio dei cookie modificando le impostazioni del software del browser; tuttavia, questa offerta informa gli utenti che in tal caso potrebbero non essere in grado di utilizzare tutte le funzioni di questo sito web nella loro interezza. Inoltre, gli utenti possono impedire la raccolta dei dati generati dal cookie e relativi al loro utilizzo del sito web (incl. il loro indirizzo IP) a Google, nonch\u00e9 il trattamento di questi dati da parte di Google, scaricando e installando il plugin del browser disponibile al seguente link: <a target=\"_new\" rel=\"noopener\">https:\/\/tools.google.com\/dlpage\/gaoptout?hl=it<\/a>.<\/p>\n<h2>Misurazione delle conversioni con il Pixel di azione dei visitatori di Facebook<\/h2>\n<p>Con il vostro consenso, utilizziamo il &#8220;Pixel di azione dei visitatori&#8221; di Facebook Inc., 1601 S. California Ave, Palo Alto, CA 94304, USA (&#8220;Facebook&#8221;) all&#8217;interno della nostra presenza online. Questo ci permette di seguire le azioni degli utenti dopo che hanno visto o cliccato su un annuncio pubblicitario di Facebook. In questo modo possiamo registrare l&#8217;efficacia degli annunci pubblicitari su Facebook per scopi statistici e di ricerca di mercato. I dati raccolti in questo modo sono anonimi per noi, il che significa che non vediamo i dati personali dei singoli utenti. Tuttavia, questi dati vengono memorizzati e trattati da Facebook, motivo per cui vi informiamo in base alla nostra conoscenza della situazione. Facebook pu\u00f2 collegare questi dati al vostro account Facebook e utilizzarli anche per i propri scopi pubblicitari, secondo la politica di utilizzo dei dati di Facebook <a href=\"https:\/\/www.facebook.com\/about\/privacy\/\" target=\"_new\" rel=\"noopener\">https:\/\/www.facebook.com\/about\/privacy\/<\/a>. \u00c8 possibile consentire a Facebook e ai suoi partner di pubblicare annunci pubblicitari su e al di fuori di Facebook. Potrebbe inoltre essere memorizzato un cookie sul suo computer per questi scopi. In alternativa, \u00e8 possibile adattare e disattivare le impostazioni all&#8217;indirizzo <a href=\"https:\/\/www.facebook.com\/settings\/?tab=ads\" target=\"_new\" rel=\"noopener\">https:\/\/www.facebook.com\/settings\/?tab=ads<\/a>. Per farlo, \u00e8 necessario essere registrati su Facebook.<\/p>\n<h2>Remarketing con il Criteo One-Tag<\/h2>\n<p>Con il suo consenso, utilizziamo all&#8217;interno del nostro sito web il Criteo One Tag della societ\u00e0 francese Criteo SA, 332 Rue Blanche, 75009 Parigi, Francia. I dati raccolti sono anonimi per noi, il che significa che non vediamo i dati personali dei singoli utenti. Tuttavia, questi dati vengono memorizzati ed elaborati da Criteo, di cui la informeremo in base alla nostra conoscenza. Maggiori informazioni sull&#8217;uso da parte di Criteo possono essere trovate su <a href=\"https:\/\/www.criteo.com\/de\/privacy\/\" target=\"_new\" rel=\"noopener\">https:\/\/www.criteo.com\/de\/privacy\/<\/a>.<\/p>\n<h2>Revoca, modifiche, correzioni e aggiornamenti<\/h2>\n<p>L&#8217;utente ha il diritto di ottenere informazioni gratuite su richiesta sui dati personali memorizzati su di lui. Inoltre, l&#8217;utente ha il diritto di correggere i dati errati, bloccare e cancellare i suoi dati personali, a meno che ci\u00f2 non sia impedito da un obbligo legale di conservazione.<\/p>\n<h2>Diritti sulle immagini<\/h2>\n<p>Le immagini presentate sulla homepage di ASI Reisen e sul blog ASI sono utilizzate, tra l&#8217;altro, sotto licenza di Shutterstock.com o unsplash.com.<\/p>\n<h2>Servizi di Single-Sign-on<\/h2>\n<p>In aggiunta all&#8217;utilizzo dei nostri moduli di registrazione e accesso, offriamo la possibilit\u00e0 di utilizzare i seguenti servizi di Single-Sign-on per la registrazione o l&#8217;accesso:<\/p>\n<h2>Facebook Connect<\/h2>\n<p>(1) Utilizziamo sul nostro sito web &#8220;Facebook Connect&#8221;, un servizio di Meta Platforms, Inc, 1601 Willow Rd, Menlo Park, CA 94025, USA (di seguito denominato &#8220;Facebook&#8221;). Facebook Connect facilita la registrazione e l&#8217;accesso ai servizi su Internet. Invece di utilizzare i moduli di registrazione o accesso del nostro sito web, \u00e8 possibile inserire i dati di accesso di Facebook e quindi utilizzare la nostra offerta. Utilizzando Facebook Connect, il suo browser web stabilisce automaticamente una connessione diretta con il server di Facebook. Per accedere, verr\u00e0 reindirizzato alla pagina di Facebook, dove pu\u00f2 accedere con i suoi dati. Ci\u00f2 collega il suo account utente su Facebook al nostro servizio. Non abbiamo alcun controllo sull&#8217;ambito e sull&#8217;ulteriore utilizzo dei dati raccolti da Facebook tramite Facebook Connect. Se ha un account utente su Facebook e \u00e8 registrato, Facebook pu\u00f2 associare la visita al suo account utente. Anche se non \u00e8 registrato su Facebook o non ha effettuato l&#8217;accesso, \u00e8 possibile che Facebook scopra e memorizzi il suo indirizzo IP e eventuali altri identificatori. Per ulteriori informazioni sull&#8217;ambito e lo scopo della raccolta dati, sui suoi diritti e sulle impostazioni per proteggere i suoi dati personali, si prega di consultare la politica sulla privacy di Facebook: <a href=\"http:\/\/www.facebook.com\/policy.php\" target=\"_new\" rel=\"noopener\">http:\/\/www.facebook.com\/policy.php<\/a>. (2) Utilizziamo Facebook Connect per facilitare e abbreviare il processo di registrazione e accesso. Questo rappresenta anche il nostro legittimo interesse nell&#8217;elaborazione dei dati sopra citati. Se ci ha dato il suo consenso, la base legale per l&#8217;elaborazione dei dati \u00e8 l&#8217;articolo 6, paragrafo 1, frase 1, lettera a) del GDPR. Se l&#8217;elaborazione dei dati sopra citati \u00e8 necessaria per l&#8217;instaurazione di un rapporto contrattuale, la base legale \u00e8 l&#8217;articolo 6, paragrafo 1, frase 1, lettera b) del GDPR. Altrimenti, la base legale \u00e8 l&#8217;articolo 6, paragrafo 1, frase 1, lettera f) del GDPR. (3) Pu\u00f2 impedire il trattamento delle informazioni sopra citate da parte di Facebook utilizzando i nostri moduli di registrazione e accesso e non utilizzando Facebook Connect. Un consenso da lei concesso pu\u00f2 essere revocato in qualsiasi momento. La legalit\u00e0 del trattamento dei dati gi\u00e0 effettuato rimane inalterata dalla revoca. (4) Informazioni del terzo fornitore: Meta Platforms Ireland Ltd., 4 Grand Canal Square, Grand Canal Harbour, Dublino 2, Irlanda. Ulteriori informazioni sul fornitore di terze parti e sulla privacy possono essere trovate sul sito web seguente di Facebook: <a href=\"https:\/\/www.facebook.com\/about\/privacy\" target=\"_new\" rel=\"noopener\">https:\/\/www.facebook.com\/about\/privacy<\/a>.<\/p>\n<h2>Accedi con Google<\/h2>\n<p>(1) Utilizziamo sul nostro sito web &#8220;Accedi con Google&#8221;, un servizio di Google Ireland Limited (&#8220;Google&#8221;), Gordon House, Barrow Street, Dublino 4, Irlanda. Google Sign-In facilita la registrazione e l&#8217;accesso ai servizi Internet. Invece di utilizzare i moduli di registrazione o di accesso del nostro sito web, \u00e8 possibile inserire i propri dati di accesso Google e poi utilizzare la nostra offerta. Utilizzando &#8220;Accedi con Google&#8221;, il suo browser web stabilisce automaticamente una connessione diretta con il server di Google. Per l&#8217;accesso, verr\u00e0 reindirizzato alla pagina di Google, dove pu\u00f2 effettuare l&#8217;accesso con i suoi dati. Ci\u00f2 collega il suo account Google al nostro servizio. Non abbiamo controllo sull&#8217;ambito e sull&#8217;ulteriore utilizzo dei dati raccolti da Google tramite Google Sign-In. Se possiede un account Google e si \u00e8 registrato, Google pu\u00f2 associare la visita al suo account. Anche se non \u00e8 registrato su Google o non ha effettuato l&#8217;accesso, \u00e8 possibile che Google raccolga e memorizzi il suo indirizzo IP e altri identificativi. Per informazioni sull&#8217;ambito e lo scopo della raccolta dati, i suoi diritti e le impostazioni per proteggere i suoi dati personali, si prega di consultare la politica sulla privacy di Google: <a href=\"https:\/\/policies.google.com\/privacy\" target=\"_new\" rel=\"noopener\">https:\/\/policies.google.com\/privacy<\/a> (2) Utilizziamo Google Sign-In per facilitare e abbreviare il processo di registrazione e accesso. Questo rappresenta anche il nostro legittimo interesse nel trattamento dei dati menzionati. Se ci ha dato il suo consenso, la base legale per il trattamento dei dati \u00e8 l&#8217;articolo 6, paragrafo 1, frase 1, lettera a) del GDPR. Se il trattamento dei dati \u00e8 necessario per l&#8217;instaurazione di un rapporto contrattuale, la base legale \u00e8 l&#8217;articolo 6, paragrafo 1, frase 1, lettera b) del GDPR. Altrimenti, la base legale \u00e8 l&#8217;articolo 6, paragrafo 1, frase 1, lettera f) del GDPR. (3) Pu\u00f2 impedire il trattamento delle informazioni da parte di Google utilizzando i nostri moduli di registrazione e accesso e non utilizzando Google Sign-In. Un consenso da lei concesso pu\u00f2 essere revocato in qualsiasi momento. La legalit\u00e0 del trattamento dei dati gi\u00e0 effettuato rimane inalterata dalla revoca. (4) Informazioni del terzo fornitore: Google Ireland Limited (&#8220;Google&#8221;), Gordon House, Barrow Street, Dublino 4, Irlanda. Ulteriori informazioni su Google Sign-In e le impostazioni sulla privacy possono essere trovate nella politica sulla privacy (<a href=\"https:\/\/policies.google.com\/privacy\" target=\"_new\" rel=\"noopener\">https:\/\/policies.google.com\/privacy<\/a>) e nei termini di utilizzo (<a href=\"https:\/\/policies.google.com\/terms\" target=\"_new\" rel=\"noopener\">https:\/\/policies.google.com\/terms<\/a>) di Google Ireland Limited.<\/p>\n<h2>Notifiche Push Web di PushPanda.io<\/h2>\n<p>Utilizziamo le notifiche push web di PushPanda.io. Le notifiche push web sono messaggi che possono essere visualizzati sul dispositivo senza aprire il sito web o l&#8217;applicazione corrispondente. Non vengono memorizzati dati unici degli utenti come l&#8217;indirizzo IP che possono portare a conclusioni dirette sull&#8217;utente. Durante la registrazione (procedura Opt-In) al distributore di notifiche, viene trasmesso e memorizzato nel database di PushPanda.io solo una chiave di identificazione e le informazioni geografiche IP (paese e regione) dell&#8217;utente. Questa chiave \u00e8 assegnata dal rispettivo produttore del browser (Google, Mozilla, ecc.) e consente di inviare successivamente le notifiche al browser corrispondente. L&#8217;invio avviene direttamente tramite i produttori del browser. Se l&#8217;Opt-In per le notifiche push viene revocato (Opt-Out), tutti i dati memorizzati su PushPanda.io vengono cancellati e la chiave di identificazione diventa invalida. \u00c8 possibile disiscriversi dal servizio di notifica push qui: <a href=\"https:\/\/www.pushpanda.io\/loesungen\/chrome-web-push-benachrichtigungen\" target=\"_new\" rel=\"noopener\">https:\/\/www.pushpanda.io\/loesungen\/chrome-web-push-benachrichtigungen<\/a> PushPanda.io \u00e8 un servizio di Project K GmbH con sede a Innsbruck, Austria.<\/p>\n<h2>Trustpilot<\/h2>\n<p>La soddisfazione dei nostri clienti \u00e8 il nostro obiettivo principale. Pertanto, chiediamo occasionalmente ai nostri clienti un feedback dopo il loro ritorno dal viaggio. Per ottenere recensioni dei clienti, utilizziamo il servizio di valutazione Trustpilot, un servizio di Trustpilot, Inc., 245 5th Avenue, 5th floor, New York, NY 10016, USA (&#8220;Trustpilot&#8221;), basato sull&#8217;articolo 6, paragrafo 1, lettera f) del GDPR tramite un&#8217;interfaccia. La presentazione di una recensione \u00e8 naturalmente facoltativa. Aiutandoci con una recensione del suo viaggio, i dati generati, in particolare<\/p>\n<ul>\n<li>Nome,<\/li>\n<li>Indirizzo email,<\/li>\n<li>Se disponibile, la foto del profilo di Trustpilot,<\/li>\n<li>I contenuti della recensione,<\/li>\n<\/ul>\n<p>vengono elaborati e memorizzati sui server di Trustpilot negli Stati Uniti. Se desidera evitare questo tipo di trattamento dei dati, non dovrebbe partecipare a tale sondaggio. Questo trattamento dei dati per migliorare i nostri prodotti e servizi \u00e8 considerato il nostro legittimo interesse. Se la recensione viene inviata cliccando sul link contenuto nel nostro invito, accetta le politiche sulla privacy e i termini e condizioni di Trustpilot. Partecipando a questo sistema di feedback, la sua recensione verr\u00e0 pubblicata sia da noi che sui siti web di Trustpilot. I dati non vengono trasmessi a terzi. Abbiamo stipulato un contratto con Trustpilot per questo trattamento dei dati su commissione, garantendo cos\u00ec gli standard europei per un trattamento dei dati conforme alla legge. Ulteriori informazioni su Trustpilot e sulla privacy possono essere trovate nella politica sulla privacy del fornitore. Inoltre, pu\u00f2 opporsi a questo trattamento dei dati in qualsiasi momento. Per farlo, utilizzare le opzioni di contatto del nostro responsabile della protezione dei dati o contattare direttamente Trustpilot: <a target=\"_new\" rel=\"noopener\">support@trustpilot.com<\/a><\/p>\n<\/div>\n<\/div>\n<\/div>\n<\/div>\n<\/div>\n","protected":false},"excerpt":{"rendered":"<p>Cookies Quando gli utenti accedono all&#8217;offerta, uno o pi\u00f9 cookie vengono salvati sul loro computer. Un cookie \u00e8 un piccolo file che contiene una specifica sequenza di caratteri e identifica in modo univoco il browser. I cookie aiutano il fornitore a migliorare il comfort e la qualit\u00e0 del suo servizio, ad esempio salvando le impostazioni [&hellip;]<\/p>\n","protected":false},"author":1,"featured_media":0,"parent":0,"menu_order":0,"comment_status":"closed","ping_status":"open","template":"","meta":{"_et_pb_use_builder":"","_et_pb_old_content":"","_et_gb_content_width":"","footnotes":""},"class_list":["post-2064","page","type-page","status-publish","hentry"],"yoast_head":"<!-- This site is optimized with the Yoast SEO plugin v27.3 - https:\/\/yoast.com\/product\/yoast-seo-wordpress\/ -->\n<title>Informativa sulla privacy - Dolomites Ronda<\/title>\n<meta name=\"robots\" content=\"index, follow, max-snippet:-1, max-image-preview:large, max-video-preview:-1\" \/>\n<link rel=\"canonical\" href=\"https:\/\/dolomitesronda.com\/it\/informativa-sulla-privacy\/\" \/>\n<meta property=\"og:locale\" content=\"it_IT\" \/>\n<meta property=\"og:type\" content=\"article\" \/>\n<meta property=\"og:title\" content=\"Informativa sulla privacy - Dolomites Ronda\" \/>\n<meta property=\"og:description\" content=\"Cookies Quando gli utenti accedono all&#8217;offerta, uno o pi\u00f9 cookie vengono salvati sul loro computer. Un cookie \u00e8 un piccolo file che contiene una specifica sequenza di caratteri e identifica in modo univoco il browser. I cookie aiutano il fornitore a migliorare il comfort e la qualit\u00e0 del suo servizio, ad esempio salvando le impostazioni [&hellip;]\" \/>\n<meta property=\"og:url\" content=\"https:\/\/dolomitesronda.com\/it\/informativa-sulla-privacy\/\" \/>\n<meta property=\"og:site_name\" content=\"Dolomites Ronda\" \/>\n<meta property=\"og:image\" content=\"https:\/\/dolomitesronda.com\/wp-content\/uploads\/2023\/12\/willdwind-william-martret-gB6hdqxoqSk-unsplash-small-jpg.webp\" \/>\n\t<meta property=\"og:image:width\" content=\"1920\" \/>\n\t<meta property=\"og:image:height\" content=\"1442\" \/>\n\t<meta property=\"og:image:type\" content=\"image\/jpeg\" \/>\n<meta name=\"twitter:card\" content=\"summary_large_image\" \/>\n<meta name=\"twitter:label1\" content=\"Est. reading time\" \/>\n\t<meta name=\"twitter:data1\" content=\"10 minutes\" \/>\n<script type=\"application\/ld+json\" class=\"yoast-schema-graph\">{\"@context\":\"https:\\\/\\\/schema.org\",\"@graph\":[{\"@type\":\"WebPage\",\"@id\":\"https:\\\/\\\/dolomitesronda.com\\\/it\\\/informativa-sulla-privacy\\\/\",\"url\":\"https:\\\/\\\/dolomitesronda.com\\\/it\\\/informativa-sulla-privacy\\\/\",\"name\":\"Informativa sulla privacy - Dolomites Ronda\",\"isPartOf\":{\"@id\":\"https:\\\/\\\/dolomitesronda.com\\\/it\\\/#website\"},\"datePublished\":\"2022-03-03T09:08:50+00:00\",\"breadcrumb\":{\"@id\":\"https:\\\/\\\/dolomitesronda.com\\\/it\\\/informativa-sulla-privacy\\\/#breadcrumb\"},\"inLanguage\":\"it-IT\",\"potentialAction\":[{\"@type\":\"ReadAction\",\"target\":[\"https:\\\/\\\/dolomitesronda.com\\\/it\\\/informativa-sulla-privacy\\\/\"]}]},{\"@type\":\"BreadcrumbList\",\"@id\":\"https:\\\/\\\/dolomitesronda.com\\\/it\\\/informativa-sulla-privacy\\\/#breadcrumb\",\"itemListElement\":[{\"@type\":\"ListItem\",\"position\":1,\"name\":\"Home\",\"item\":\"https:\\\/\\\/dolomitesronda.com\\\/it\\\/\"},{\"@type\":\"ListItem\",\"position\":2,\"name\":\"Informativa sulla privacy\"}]},{\"@type\":\"WebSite\",\"@id\":\"https:\\\/\\\/dolomitesronda.com\\\/it\\\/#website\",\"url\":\"https:\\\/\\\/dolomitesronda.com\\\/it\\\/\",\"name\":\"Dolomites Ronda\",\"description\":\"Entdecke die unvergleichliche Sch\u00f6nheit der Dolomiten auf diesem neuen Weitwanderweg!\",\"publisher\":{\"@id\":\"https:\\\/\\\/dolomitesronda.com\\\/it\\\/#organization\"},\"potentialAction\":[{\"@type\":\"SearchAction\",\"target\":{\"@type\":\"EntryPoint\",\"urlTemplate\":\"https:\\\/\\\/dolomitesronda.com\\\/it\\\/?s={search_term_string}\"},\"query-input\":{\"@type\":\"PropertyValueSpecification\",\"valueRequired\":true,\"valueName\":\"search_term_string\"}}],\"inLanguage\":\"it-IT\"},{\"@type\":\"Organization\",\"@id\":\"https:\\\/\\\/dolomitesronda.com\\\/it\\\/#organization\",\"name\":\"Dolomites Ronda\",\"url\":\"https:\\\/\\\/dolomitesronda.com\\\/it\\\/\",\"logo\":{\"@type\":\"ImageObject\",\"inLanguage\":\"it-IT\",\"@id\":\"https:\\\/\\\/dolomitesronda.com\\\/it\\\/#\\\/schema\\\/logo\\\/image\\\/\",\"url\":\"https:\\\/\\\/dolomitesronda.com\\\/wp-content\\\/uploads\\\/2023\\\/12\\\/LOGO-RONDA-.png\",\"contentUrl\":\"https:\\\/\\\/dolomitesronda.com\\\/wp-content\\\/uploads\\\/2023\\\/12\\\/LOGO-RONDA-.png\",\"width\":3508,\"height\":2480,\"caption\":\"Dolomites Ronda\"},\"image\":{\"@id\":\"https:\\\/\\\/dolomitesronda.com\\\/it\\\/#\\\/schema\\\/logo\\\/image\\\/\"}}]}<\/script>\n<!-- \/ Yoast SEO plugin. -->","yoast_head_json":{"title":"Informativa sulla privacy - Dolomites Ronda","robots":{"index":"index","follow":"follow","max-snippet":"max-snippet:-1","max-image-preview":"max-image-preview:large","max-video-preview":"max-video-preview:-1"},"canonical":"https:\/\/dolomitesronda.com\/it\/informativa-sulla-privacy\/","og_locale":"it_IT","og_type":"article","og_title":"Informativa sulla privacy - Dolomites Ronda","og_description":"Cookies Quando gli utenti accedono all&#8217;offerta, uno o pi\u00f9 cookie vengono salvati sul loro computer. Un cookie \u00e8 un piccolo file che contiene una specifica sequenza di caratteri e identifica in modo univoco il browser. I cookie aiutano il fornitore a migliorare il comfort e la qualit\u00e0 del suo servizio, ad esempio salvando le impostazioni [&hellip;]","og_url":"https:\/\/dolomitesronda.com\/it\/informativa-sulla-privacy\/","og_site_name":"Dolomites Ronda","og_image":[{"width":1920,"height":1442,"url":"https:\/\/dolomitesronda.com\/wp-content\/uploads\/2023\/12\/willdwind-william-martret-gB6hdqxoqSk-unsplash-small-jpg.webp","type":"image\/jpeg"}],"twitter_card":"summary_large_image","twitter_misc":{"Est. reading time":"10 minutes"},"schema":{"@context":"https:\/\/schema.org","@graph":[{"@type":"WebPage","@id":"https:\/\/dolomitesronda.com\/it\/informativa-sulla-privacy\/","url":"https:\/\/dolomitesronda.com\/it\/informativa-sulla-privacy\/","name":"Informativa sulla privacy - Dolomites Ronda","isPartOf":{"@id":"https:\/\/dolomitesronda.com\/it\/#website"},"datePublished":"2022-03-03T09:08:50+00:00","breadcrumb":{"@id":"https:\/\/dolomitesronda.com\/it\/informativa-sulla-privacy\/#breadcrumb"},"inLanguage":"it-IT","potentialAction":[{"@type":"ReadAction","target":["https:\/\/dolomitesronda.com\/it\/informativa-sulla-privacy\/"]}]},{"@type":"BreadcrumbList","@id":"https:\/\/dolomitesronda.com\/it\/informativa-sulla-privacy\/#breadcrumb","itemListElement":[{"@type":"ListItem","position":1,"name":"Home","item":"https:\/\/dolomitesronda.com\/it\/"},{"@type":"ListItem","position":2,"name":"Informativa sulla privacy"}]},{"@type":"WebSite","@id":"https:\/\/dolomitesronda.com\/it\/#website","url":"https:\/\/dolomitesronda.com\/it\/","name":"Dolomites Ronda","description":"Entdecke die unvergleichliche Sch\u00f6nheit der Dolomiten auf diesem neuen Weitwanderweg!","publisher":{"@id":"https:\/\/dolomitesronda.com\/it\/#organization"},"potentialAction":[{"@type":"SearchAction","target":{"@type":"EntryPoint","urlTemplate":"https:\/\/dolomitesronda.com\/it\/?s={search_term_string}"},"query-input":{"@type":"PropertyValueSpecification","valueRequired":true,"valueName":"search_term_string"}}],"inLanguage":"it-IT"},{"@type":"Organization","@id":"https:\/\/dolomitesronda.com\/it\/#organization","name":"Dolomites Ronda","url":"https:\/\/dolomitesronda.com\/it\/","logo":{"@type":"ImageObject","inLanguage":"it-IT","@id":"https:\/\/dolomitesronda.com\/it\/#\/schema\/logo\/image\/","url":"https:\/\/dolomitesronda.com\/wp-content\/uploads\/2023\/12\/LOGO-RONDA-.png","contentUrl":"https:\/\/dolomitesronda.com\/wp-content\/uploads\/2023\/12\/LOGO-RONDA-.png","width":3508,"height":2480,"caption":"Dolomites Ronda"},"image":{"@id":"https:\/\/dolomitesronda.com\/it\/#\/schema\/logo\/image\/"}}]}},"_links":{"self":[{"href":"https:\/\/dolomitesronda.com\/it\/wp-json\/wp\/v2\/pages\/2064","targetHints":{"allow":["GET"]}}],"collection":[{"href":"https:\/\/dolomitesronda.com\/it\/wp-json\/wp\/v2\/pages"}],"about":[{"href":"https:\/\/dolomitesronda.com\/it\/wp-json\/wp\/v2\/types\/page"}],"author":[{"embeddable":true,"href":"https:\/\/dolomitesronda.com\/it\/wp-json\/wp\/v2\/users\/1"}],"replies":[{"embeddable":true,"href":"https:\/\/dolomitesronda.com\/it\/wp-json\/wp\/v2\/comments?post=2064"}],"version-history":[{"count":0,"href":"https:\/\/dolomitesronda.com\/it\/wp-json\/wp\/v2\/pages\/2064\/revisions"}],"wp:attachment":[{"href":"https:\/\/dolomitesronda.com\/it\/wp-json\/wp\/v2\/media?parent=2064"}],"curies":[{"name":"wp","href":"https:\/\/api.w.org\/{rel}","templated":true}]}}